{"id":5,"date":"2022-10-17T08:49:10","date_gmt":"2022-10-17T06:49:10","guid":{"rendered":"https:\/\/ridenordic.com\/book-gsexperience\/?page_id=5"},"modified":"2022-10-17T10:18:56","modified_gmt":"2022-10-17T08:18:56","slug":"bokning-tacksida","status":"publish","type":"page","link":"https:\/\/ridenordic.com\/book-gsexperience\/bokning-tacksida\/","title":{"rendered":"Tack f\u00f6r din bokning"},"content":{"rendered":"<p>Du kommer att f\u00e5 en bekr\u00e4ftelse av oss p\u00e5 Email inom n\u00e5gon minut. Om du inte f\u00e5r n\u00e5gon bekr\u00e4ftelse s\u00e5 kontrollera ditt spamfilter eller kontakta oss!<\/p>\n","protected":false},"excerpt":{"rendered":"<p>Du kommer att f\u00e5 en bekr\u00e4ftelse av oss p\u00e5 Email inom n\u00e5gon minut. Om du inte f\u00e5r n\u00e5gon bekr\u00e4ftelse s\u00e5 kontrollera ditt spamfilter eller kontakta oss!<\/p>\n","protected":false},"author":1,"featured_media":0,"parent":0,"menu_order":0,"comment_status":"closed","ping_status":"closed","template":"","meta":{"_acf_changed":false,"inline_featured_image":false,"_monsterinsights_skip_tracking":false,"_monsterinsights_sitenote_active":false,"_monsterinsights_sitenote_note":"","_monsterinsights_sitenote_category":0,"footnotes":""},"class_list":["post-5","page","type-page","status-publish","hentry"],"acf":[],"yoast_head":"<!-- This site is optimized with the Yoast SEO plugin v25.1 - https:\/\/yoast.com\/wordpress\/plugins\/seo\/ -->\n<title>Tack f\u00f6r din bokning - Ride Nordic - Bokning av GS Experience<\/title>\n<meta name=\"robots\" content=\"index, follow, max-snippet:-1, max-image-preview:large, max-video-preview:-1\" \/>\n<link rel=\"canonical\" href=\"https:\/\/ridenordic.com\/book-gsexperience\/bokning-tacksida\/\" \/>\n<meta property=\"og:locale\" content=\"sv_SE\" \/>\n<meta property=\"og:type\" content=\"article\" \/>\n<meta property=\"og:title\" content=\"Tack f\u00f6r din bokning - Ride Nordic - Bokning av GS Experience\" \/>\n<meta property=\"og:description\" content=\"Du kommer att f\u00e5 en bekr\u00e4ftelse av oss p\u00e5 Email inom n\u00e5gon minut. Om du inte f\u00e5r n\u00e5gon bekr\u00e4ftelse s\u00e5 kontrollera ditt spamfilter eller kontakta oss!\" \/>\n<meta property=\"og:url\" content=\"https:\/\/ridenordic.com\/book-gsexperience\/bokning-tacksida\/\" \/>\n<meta property=\"og:site_name\" content=\"Ride Nordic - Bokning av GS Experience\" \/>\n<meta property=\"article:modified_time\" content=\"2022-10-17T08:18:56+00:00\" \/>\n<meta name=\"twitter:card\" content=\"summary_large_image\" \/>\n<meta name=\"twitter:label1\" content=\"Ber\u00e4knad l\u00e4stid\" \/>\n\t<meta name=\"twitter:data1\" content=\"1 minut\" \/>\n<script type=\"application\/ld+json\" class=\"yoast-schema-graph\">{\"@context\":\"https:\/\/schema.org\",\"@graph\":[{\"@type\":\"WebPage\",\"@id\":\"https:\/\/ridenordic.com\/book-gsexperience\/bokning-tacksida\/\",\"url\":\"https:\/\/ridenordic.com\/book-gsexperience\/bokning-tacksida\/\",\"name\":\"Tack f\u00f6r din bokning - Ride Nordic - Bokning av GS Experience\",\"isPartOf\":{\"@id\":\"https:\/\/ridenordic.com\/book-gsexperience\/#website\"},\"datePublished\":\"2022-10-17T06:49:10+00:00\",\"dateModified\":\"2022-10-17T08:18:56+00:00\",\"breadcrumb\":{\"@id\":\"https:\/\/ridenordic.com\/book-gsexperience\/bokning-tacksida\/#breadcrumb\"},\"inLanguage\":\"sv-SE\",\"potentialAction\":[{\"@type\":\"ReadAction\",\"target\":[\"https:\/\/ridenordic.com\/book-gsexperience\/bokning-tacksida\/\"]}]},{\"@type\":\"BreadcrumbList\",\"@id\":\"https:\/\/ridenordic.com\/book-gsexperience\/bokning-tacksida\/#breadcrumb\",\"itemListElement\":[{\"@type\":\"ListItem\",\"position\":1,\"name\":\"Hem\",\"item\":\"https:\/\/ridenordic.com\/book-gsexperience\/\"},{\"@type\":\"ListItem\",\"position\":2,\"name\":\"Tack f\u00f6r din bokning\"}]},{\"@type\":\"WebSite\",\"@id\":\"https:\/\/ridenordic.com\/book-gsexperience\/#website\",\"url\":\"https:\/\/ridenordic.com\/book-gsexperience\/\",\"name\":\"Ride Nordic - Bokning av GS Experience\",\"description\":\"\u00c4nnu en webbplats hos Ride Nordic - F\u00f6rarutbildning & \u00e4ventyrsresor p\u00e5 mc-webbplatser\",\"potentialAction\":[{\"@type\":\"SearchAction\",\"target\":{\"@type\":\"EntryPoint\",\"urlTemplate\":\"https:\/\/ridenordic.com\/book-gsexperience\/?s={search_term_string}\"},\"query-input\":{\"@type\":\"PropertyValueSpecification\",\"valueRequired\":true,\"valueName\":\"search_term_string\"}}],\"inLanguage\":\"sv-SE\"}]}<\/script>\n<!-- \/ Yoast SEO plugin. -->","yoast_head_json":{"title":"Tack f\u00f6r din bokning - Ride Nordic - Bokning av GS Experience","robots":{"index":"index","follow":"follow","max-snippet":"max-snippet:-1","max-image-preview":"max-image-preview:large","max-video-preview":"max-video-preview:-1"},"canonical":"https:\/\/ridenordic.com\/book-gsexperience\/bokning-tacksida\/","og_locale":"sv_SE","og_type":"article","og_title":"Tack f\u00f6r din bokning - Ride Nordic - Bokning av GS Experience","og_description":"Du kommer att f\u00e5 en bekr\u00e4ftelse av oss p\u00e5 Email inom n\u00e5gon minut. Om du inte f\u00e5r n\u00e5gon bekr\u00e4ftelse s\u00e5 kontrollera ditt spamfilter eller kontakta oss!","og_url":"https:\/\/ridenordic.com\/book-gsexperience\/bokning-tacksida\/","og_site_name":"Ride Nordic - Bokning av GS Experience","article_modified_time":"2022-10-17T08:18:56+00:00","twitter_card":"summary_large_image","twitter_misc":{"Ber\u00e4knad l\u00e4stid":"1 minut"},"schema":{"@context":"https:\/\/schema.org","@graph":[{"@type":"WebPage","@id":"https:\/\/ridenordic.com\/book-gsexperience\/bokning-tacksida\/","url":"https:\/\/ridenordic.com\/book-gsexperience\/bokning-tacksida\/","name":"Tack f\u00f6r din bokning - Ride Nordic - Bokning av GS Experience","isPartOf":{"@id":"https:\/\/ridenordic.com\/book-gsexperience\/#website"},"datePublished":"2022-10-17T06:49:10+00:00","dateModified":"2022-10-17T08:18:56+00:00","breadcrumb":{"@id":"https:\/\/ridenordic.com\/book-gsexperience\/bokning-tacksida\/#breadcrumb"},"inLanguage":"sv-SE","potentialAction":[{"@type":"ReadAction","target":["https:\/\/ridenordic.com\/book-gsexperience\/bokning-tacksida\/"]}]},{"@type":"BreadcrumbList","@id":"https:\/\/ridenordic.com\/book-gsexperience\/bokning-tacksida\/#breadcrumb","itemListElement":[{"@type":"ListItem","position":1,"name":"Hem","item":"https:\/\/ridenordic.com\/book-gsexperience\/"},{"@type":"ListItem","position":2,"name":"Tack f\u00f6r din bokning"}]},{"@type":"WebSite","@id":"https:\/\/ridenordic.com\/book-gsexperience\/#website","url":"https:\/\/ridenordic.com\/book-gsexperience\/","name":"Ride Nordic - Bokning av GS Experience","description":"\u00c4nnu en webbplats hos Ride Nordic - F\u00f6rarutbildning & \u00e4ventyrsresor p\u00e5 mc-webbplatser","potentialAction":[{"@type":"SearchAction","target":{"@type":"EntryPoint","urlTemplate":"https:\/\/ridenordic.com\/book-gsexperience\/?s={search_term_string}"},"query-input":{"@type":"PropertyValueSpecification","valueRequired":true,"valueName":"search_term_string"}}],"inLanguage":"sv-SE"}]}},"_links":{"self":[{"href":"https:\/\/ridenordic.com\/book-gsexperience\/wp-json\/wp\/v2\/pages\/5","targetHints":{"allow":["GET"]}}],"collection":[{"href":"https:\/\/ridenordic.com\/book-gsexperience\/wp-json\/wp\/v2\/pages"}],"about":[{"href":"https:\/\/ridenordic.com\/book-gsexperience\/wp-json\/wp\/v2\/types\/page"}],"author":[{"embeddable":true,"href":"https:\/\/ridenordic.com\/book-gsexperience\/wp-json\/wp\/v2\/users\/1"}],"replies":[{"embeddable":true,"href":"https:\/\/ridenordic.com\/book-gsexperience\/wp-json\/wp\/v2\/comments?post=5"}],"version-history":[{"count":1,"href":"https:\/\/ridenordic.com\/book-gsexperience\/wp-json\/wp\/v2\/pages\/5\/revisions"}],"predecessor-version":[{"id":6,"href":"https:\/\/ridenordic.com\/book-gsexperience\/wp-json\/wp\/v2\/pages\/5\/revisions\/6"}],"wp:attachment":[{"href":"https:\/\/ridenordic.com\/book-gsexperience\/wp-json\/wp\/v2\/media?parent=5"}],"curies":[{"name":"wp","href":"https:\/\/api.w.org\/{rel}","templated":true}]}}