{"id":28,"date":"2024-09-11T12:33:28","date_gmt":"2024-09-11T10:33:28","guid":{"rendered":"https:\/\/ridenordic.com\/book-gsexperience\/wpbc-booking\/"},"modified":"2024-09-11T12:33:28","modified_gmt":"2024-09-11T10:33:28","slug":"wpbc-booking","status":"publish","type":"page","link":"https:\/\/ridenordic.com\/book-gsexperience\/wpbc-booking\/","title":{"rendered":"Bokningsformul\u00e4r"},"content":{"rendered":"Booking resource does not exist. [ID=1]\n","protected":false},"excerpt":{"rendered":"","protected":false},"author":0,"featured_media":0,"parent":0,"menu_order":0,"comment_status":"closed","ping_status":"closed","template":"","meta":{"_acf_changed":false,"inline_featured_image":false,"_monsterinsights_skip_tracking":false,"_monsterinsights_sitenote_active":false,"_monsterinsights_sitenote_note":"","_monsterinsights_sitenote_category":0,"footnotes":""},"class_list":["post-28","page","type-page","status-publish","hentry"],"acf":[],"yoast_head":"<!-- This site is optimized with the Yoast SEO plugin v25.1 - https:\/\/yoast.com\/wordpress\/plugins\/seo\/ -->\n<title>Bokningsformul\u00e4r - Ride Nordic - Bokning av GS Experience<\/title>\n<meta name=\"robots\" content=\"index, follow, max-snippet:-1, max-image-preview:large, max-video-preview:-1\" \/>\n<link rel=\"canonical\" href=\"https:\/\/ridenordic.com\/book-gsexperience\/wpbc-booking\/\" \/>\n<meta property=\"og:locale\" content=\"sv_SE\" \/>\n<meta property=\"og:type\" content=\"article\" \/>\n<meta property=\"og:title\" content=\"Bokningsformul\u00e4r - Ride Nordic - Bokning av GS Experience\" \/>\n<meta property=\"og:url\" content=\"https:\/\/ridenordic.com\/book-gsexperience\/wpbc-booking\/\" \/>\n<meta property=\"og:site_name\" content=\"Ride Nordic - Bokning av GS Experience\" \/>\n<meta name=\"twitter:card\" content=\"summary_large_image\" \/>\n<script type=\"application\/ld+json\" class=\"yoast-schema-graph\">{\"@context\":\"https:\/\/schema.org\",\"@graph\":[{\"@type\":\"WebPage\",\"@id\":\"https:\/\/ridenordic.com\/book-gsexperience\/wpbc-booking\/\",\"url\":\"https:\/\/ridenordic.com\/book-gsexperience\/wpbc-booking\/\",\"name\":\"Bokningsformul\u00e4r - Ride Nordic - Bokning av GS Experience\",\"isPartOf\":{\"@id\":\"https:\/\/ridenordic.com\/book-gsexperience\/#website\"},\"datePublished\":\"2024-09-11T10:33:28+00:00\",\"breadcrumb\":{\"@id\":\"https:\/\/ridenordic.com\/book-gsexperience\/wpbc-booking\/#breadcrumb\"},\"inLanguage\":\"sv-SE\",\"potentialAction\":[{\"@type\":\"ReadAction\",\"target\":[\"https:\/\/ridenordic.com\/book-gsexperience\/wpbc-booking\/\"]}]},{\"@type\":\"BreadcrumbList\",\"@id\":\"https:\/\/ridenordic.com\/book-gsexperience\/wpbc-booking\/#breadcrumb\",\"itemListElement\":[{\"@type\":\"ListItem\",\"position\":1,\"name\":\"Hem\",\"item\":\"https:\/\/ridenordic.com\/book-gsexperience\/\"},{\"@type\":\"ListItem\",\"position\":2,\"name\":\"Bokningsformul\u00e4r\"}]},{\"@type\":\"WebSite\",\"@id\":\"https:\/\/ridenordic.com\/book-gsexperience\/#website\",\"url\":\"https:\/\/ridenordic.com\/book-gsexperience\/\",\"name\":\"Ride Nordic - Bokning av GS Experience\",\"description\":\"\u00c4nnu en webbplats hos Ride Nordic - F\u00f6rarutbildning & \u00e4ventyrsresor p\u00e5 mc-webbplatser\",\"potentialAction\":[{\"@type\":\"SearchAction\",\"target\":{\"@type\":\"EntryPoint\",\"urlTemplate\":\"https:\/\/ridenordic.com\/book-gsexperience\/?s={search_term_string}\"},\"query-input\":{\"@type\":\"PropertyValueSpecification\",\"valueRequired\":true,\"valueName\":\"search_term_string\"}}],\"inLanguage\":\"sv-SE\"}]}<\/script>\n<!-- \/ Yoast SEO plugin. -->","yoast_head_json":{"title":"Bokningsformul\u00e4r - Ride Nordic - Bokning av GS Experience","robots":{"index":"index","follow":"follow","max-snippet":"max-snippet:-1","max-image-preview":"max-image-preview:large","max-video-preview":"max-video-preview:-1"},"canonical":"https:\/\/ridenordic.com\/book-gsexperience\/wpbc-booking\/","og_locale":"sv_SE","og_type":"article","og_title":"Bokningsformul\u00e4r - Ride Nordic - Bokning av GS Experience","og_url":"https:\/\/ridenordic.com\/book-gsexperience\/wpbc-booking\/","og_site_name":"Ride Nordic - Bokning av GS Experience","twitter_card":"summary_large_image","schema":{"@context":"https:\/\/schema.org","@graph":[{"@type":"WebPage","@id":"https:\/\/ridenordic.com\/book-gsexperience\/wpbc-booking\/","url":"https:\/\/ridenordic.com\/book-gsexperience\/wpbc-booking\/","name":"Bokningsformul\u00e4r - Ride Nordic - Bokning av GS Experience","isPartOf":{"@id":"https:\/\/ridenordic.com\/book-gsexperience\/#website"},"datePublished":"2024-09-11T10:33:28+00:00","breadcrumb":{"@id":"https:\/\/ridenordic.com\/book-gsexperience\/wpbc-booking\/#breadcrumb"},"inLanguage":"sv-SE","potentialAction":[{"@type":"ReadAction","target":["https:\/\/ridenordic.com\/book-gsexperience\/wpbc-booking\/"]}]},{"@type":"BreadcrumbList","@id":"https:\/\/ridenordic.com\/book-gsexperience\/wpbc-booking\/#breadcrumb","itemListElement":[{"@type":"ListItem","position":1,"name":"Hem","item":"https:\/\/ridenordic.com\/book-gsexperience\/"},{"@type":"ListItem","position":2,"name":"Bokningsformul\u00e4r"}]},{"@type":"WebSite","@id":"https:\/\/ridenordic.com\/book-gsexperience\/#website","url":"https:\/\/ridenordic.com\/book-gsexperience\/","name":"Ride Nordic - Bokning av GS Experience","description":"\u00c4nnu en webbplats hos Ride Nordic - F\u00f6rarutbildning & \u00e4ventyrsresor p\u00e5 mc-webbplatser","potentialAction":[{"@type":"SearchAction","target":{"@type":"EntryPoint","urlTemplate":"https:\/\/ridenordic.com\/book-gsexperience\/?s={search_term_string}"},"query-input":{"@type":"PropertyValueSpecification","valueRequired":true,"valueName":"search_term_string"}}],"inLanguage":"sv-SE"}]}},"_links":{"self":[{"href":"https:\/\/ridenordic.com\/book-gsexperience\/wp-json\/wp\/v2\/pages\/28","targetHints":{"allow":["GET"]}}],"collection":[{"href":"https:\/\/ridenordic.com\/book-gsexperience\/wp-json\/wp\/v2\/pages"}],"about":[{"href":"https:\/\/ridenordic.com\/book-gsexperience\/wp-json\/wp\/v2\/types\/page"}],"replies":[{"embeddable":true,"href":"https:\/\/ridenordic.com\/book-gsexperience\/wp-json\/wp\/v2\/comments?post=28"}],"version-history":[{"count":0,"href":"https:\/\/ridenordic.com\/book-gsexperience\/wp-json\/wp\/v2\/pages\/28\/revisions"}],"wp:attachment":[{"href":"https:\/\/ridenordic.com\/book-gsexperience\/wp-json\/wp\/v2\/media?parent=28"}],"curies":[{"name":"wp","href":"https:\/\/api.w.org\/{rel}","templated":true}]}}