{"id":7,"date":"2022-10-17T08:49:10","date_gmt":"2022-10-17T06:49:10","guid":{"rendered":"https:\/\/ridenordic.com\/book-gsexperience\/thank-you-for-booking\/"},"modified":"2022-10-17T08:49:10","modified_gmt":"2022-10-17T06:49:10","slug":"thank-you-for-booking","status":"publish","type":"page","link":"https:\/\/ridenordic.com\/book-gsexperience\/en\/thank-you-for-booking\/","title":{"rendered":"Thank you for booking!"},"content":{"rendered":"<p>You will receive a confirmation from us on Email within a minute. If you do not receive any confirmation, check your spam filter or contact us!<\/p>\n","protected":false},"excerpt":{"rendered":"<p>You will receive a confirmation from us on Email within a minute. If you do not receive any confirmation, check your spam filter or contact us!<\/p>\n","protected":false},"author":1,"featured_media":0,"parent":0,"menu_order":0,"comment_status":"closed","ping_status":"closed","template":"","meta":{"_acf_changed":false,"inline_featured_image":false,"_monsterinsights_skip_tracking":false,"_monsterinsights_sitenote_active":false,"_monsterinsights_sitenote_note":"","_monsterinsights_sitenote_category":0,"footnotes":""},"class_list":["post-7","page","type-page","status-publish","hentry"],"acf":[],"yoast_head":"<!-- This site is optimized with the Yoast SEO plugin v25.1 - https:\/\/yoast.com\/wordpress\/plugins\/seo\/ -->\n<title>Thank you for booking! - Ride Nordic - Bokning av GS Experience<\/title>\n<meta name=\"robots\" content=\"index, follow, max-snippet:-1, max-image-preview:large, max-video-preview:-1\" \/>\n<link rel=\"canonical\" href=\"https:\/\/ridenordic.com\/book-gsexperience\/en\/thank-you-for-booking\/\" \/>\n<meta property=\"og:locale\" content=\"en_US\" \/>\n<meta property=\"og:type\" content=\"article\" \/>\n<meta property=\"og:title\" content=\"Thank you for booking! - Ride Nordic - Bokning av GS Experience\" \/>\n<meta property=\"og:description\" content=\"You will receive a confirmation from us on Email within a minute. If you do not receive any confirmation, check your spam filter or contact us!\" \/>\n<meta property=\"og:url\" content=\"https:\/\/ridenordic.com\/book-gsexperience\/en\/thank-you-for-booking\/\" \/>\n<meta property=\"og:site_name\" content=\"Ride Nordic - Bokning av GS Experience\" \/>\n<meta name=\"twitter:card\" content=\"summary_large_image\" \/>\n<script type=\"application\/ld+json\" class=\"yoast-schema-graph\">{\"@context\":\"https:\/\/schema.org\",\"@graph\":[{\"@type\":\"WebPage\",\"@id\":\"https:\/\/ridenordic.com\/book-gsexperience\/en\/thank-you-for-booking\/\",\"url\":\"https:\/\/ridenordic.com\/book-gsexperience\/en\/thank-you-for-booking\/\",\"name\":\"Thank you for booking! - Ride Nordic - Bokning av GS Experience\",\"isPartOf\":{\"@id\":\"https:\/\/ridenordic.com\/book-gsexperience\/en\/#website\"},\"datePublished\":\"2022-10-17T06:49:10+00:00\",\"breadcrumb\":{\"@id\":\"https:\/\/ridenordic.com\/book-gsexperience\/en\/thank-you-for-booking\/#breadcrumb\"},\"inLanguage\":\"en-US\",\"potentialAction\":[{\"@type\":\"ReadAction\",\"target\":[\"https:\/\/ridenordic.com\/book-gsexperience\/en\/thank-you-for-booking\/\"]}]},{\"@type\":\"BreadcrumbList\",\"@id\":\"https:\/\/ridenordic.com\/book-gsexperience\/en\/thank-you-for-booking\/#breadcrumb\",\"itemListElement\":[{\"@type\":\"ListItem\",\"position\":1,\"name\":\"Hem\",\"item\":\"https:\/\/ridenordic.com\/book-gsexperience\/en\/\"},{\"@type\":\"ListItem\",\"position\":2,\"name\":\"Thank you for booking!\"}]},{\"@type\":\"WebSite\",\"@id\":\"https:\/\/ridenordic.com\/book-gsexperience\/en\/#website\",\"url\":\"https:\/\/ridenordic.com\/book-gsexperience\/en\/\",\"name\":\"Ride Nordic - Bokning av GS Experience\",\"description\":\"\u00c4nnu en webbplats hos Ride Nordic - F\u00f6rarutbildning & \u00e4ventyrsresor p\u00e5 mc-webbplatser\",\"potentialAction\":[{\"@type\":\"SearchAction\",\"target\":{\"@type\":\"EntryPoint\",\"urlTemplate\":\"https:\/\/ridenordic.com\/book-gsexperience\/en\/?s={search_term_string}\"},\"query-input\":{\"@type\":\"PropertyValueSpecification\",\"valueRequired\":true,\"valueName\":\"search_term_string\"}}],\"inLanguage\":\"en-US\"}]}<\/script>\n<!-- \/ Yoast SEO plugin. -->","yoast_head_json":{"title":"Thank you for booking! - Ride Nordic - Bokning av GS Experience","robots":{"index":"index","follow":"follow","max-snippet":"max-snippet:-1","max-image-preview":"max-image-preview:large","max-video-preview":"max-video-preview:-1"},"canonical":"https:\/\/ridenordic.com\/book-gsexperience\/en\/thank-you-for-booking\/","og_locale":"en_US","og_type":"article","og_title":"Thank you for booking! - Ride Nordic - Bokning av GS Experience","og_description":"You will receive a confirmation from us on Email within a minute. If you do not receive any confirmation, check your spam filter or contact us!","og_url":"https:\/\/ridenordic.com\/book-gsexperience\/en\/thank-you-for-booking\/","og_site_name":"Ride Nordic - Bokning av GS Experience","twitter_card":"summary_large_image","schema":{"@context":"https:\/\/schema.org","@graph":[{"@type":"WebPage","@id":"https:\/\/ridenordic.com\/book-gsexperience\/en\/thank-you-for-booking\/","url":"https:\/\/ridenordic.com\/book-gsexperience\/en\/thank-you-for-booking\/","name":"Thank you for booking! - Ride Nordic - Bokning av GS Experience","isPartOf":{"@id":"https:\/\/ridenordic.com\/book-gsexperience\/en\/#website"},"datePublished":"2022-10-17T06:49:10+00:00","breadcrumb":{"@id":"https:\/\/ridenordic.com\/book-gsexperience\/en\/thank-you-for-booking\/#breadcrumb"},"inLanguage":"en-US","potentialAction":[{"@type":"ReadAction","target":["https:\/\/ridenordic.com\/book-gsexperience\/en\/thank-you-for-booking\/"]}]},{"@type":"BreadcrumbList","@id":"https:\/\/ridenordic.com\/book-gsexperience\/en\/thank-you-for-booking\/#breadcrumb","itemListElement":[{"@type":"ListItem","position":1,"name":"Hem","item":"https:\/\/ridenordic.com\/book-gsexperience\/en\/"},{"@type":"ListItem","position":2,"name":"Thank you for booking!"}]},{"@type":"WebSite","@id":"https:\/\/ridenordic.com\/book-gsexperience\/en\/#website","url":"https:\/\/ridenordic.com\/book-gsexperience\/en\/","name":"Ride Nordic - Bokning av GS Experience","description":"\u00c4nnu en webbplats hos Ride Nordic - F\u00f6rarutbildning & \u00e4ventyrsresor p\u00e5 mc-webbplatser","potentialAction":[{"@type":"SearchAction","target":{"@type":"EntryPoint","urlTemplate":"https:\/\/ridenordic.com\/book-gsexperience\/en\/?s={search_term_string}"},"query-input":{"@type":"PropertyValueSpecification","valueRequired":true,"valueName":"search_term_string"}}],"inLanguage":"en-US"}]}},"_links":{"self":[{"href":"https:\/\/ridenordic.com\/book-gsexperience\/en\/wp-json\/wp\/v2\/pages\/7","targetHints":{"allow":["GET"]}}],"collection":[{"href":"https:\/\/ridenordic.com\/book-gsexperience\/en\/wp-json\/wp\/v2\/pages"}],"about":[{"href":"https:\/\/ridenordic.com\/book-gsexperience\/en\/wp-json\/wp\/v2\/types\/page"}],"author":[{"embeddable":true,"href":"https:\/\/ridenordic.com\/book-gsexperience\/en\/wp-json\/wp\/v2\/users\/1"}],"replies":[{"embeddable":true,"href":"https:\/\/ridenordic.com\/book-gsexperience\/en\/wp-json\/wp\/v2\/comments?post=7"}],"version-history":[{"count":0,"href":"https:\/\/ridenordic.com\/book-gsexperience\/en\/wp-json\/wp\/v2\/pages\/7\/revisions"}],"wp:attachment":[{"href":"https:\/\/ridenordic.com\/book-gsexperience\/en\/wp-json\/wp\/v2\/media?parent=7"}],"curies":[{"name":"wp","href":"https:\/\/api.w.org\/{rel}","templated":true}]}}